{"id":7970,"date":"2023-08-08T16:51:26","date_gmt":"2023-08-08T14:51:26","guid":{"rendered":"https:\/\/everso.cloud06.webhome.at\/imprint\/"},"modified":"2025-05-05T07:36:52","modified_gmt":"2025-05-05T05:36:52","slug":"imprint","status":"publish","type":"page","link":"https:\/\/www.eversomusic.com\/en\/imprint\/","title":{"rendered":"Imprint"},"content":{"rendered":"<p>[et_pb_section fb_built=&#8221;1&#8243; admin_label=&#8221;Book us button&#8221; _builder_version=&#8221;4.21.0&#8243; _module_preset=&#8221;default&#8221; background_color=&#8221;RGBA(255,255,255,0)&#8221; positioning=&#8221;absolute&#8221; z_index=&#8221;9999999&#8243; custom_padding=&#8221;||||false|false&#8221; custom_css_main_element=&#8221;padding-top: 30px !important;&#8221; collapsed=&#8221;off&#8221; global_colors_info=&#8221;{}&#8221;][et_pb_row _builder_version=&#8221;4.21.0&#8243; _module_preset=&#8221;default&#8221; global_colors_info=&#8221;{}&#8221;][et_pb_column type=&#8221;4_4&#8243; _builder_version=&#8221;4.21.0&#8243; _module_preset=&#8221;default&#8221; global_colors_info=&#8221;{}&#8221;][et_pb_button button_url=&#8221;@ET-DC@eyJkeW5hbWljIjp0cnVlLCJjb250ZW50IjoicG9zdF9saW5rX3VybF9wYWdlIiwic2V0dGluZ3MiOnsicG9zdF9pZCI6Ijc0ODAiLCJlbmFibGVfaHRtbCI6Im9mZiJ9fQ==@&#8221; button_text=&#8221;Book us&#8221; admin_label=&#8221;Book us&#8221; module_class=&#8221;button-schwarz-weiss&#8221; _builder_version=&#8221;4.21.0&#8243; _dynamic_attributes=&#8221;button_url&#8221; _module_preset=&#8221;default&#8221; custom_button=&#8221;on&#8221; button_bg_color=&#8221;RGBA(255,255,255,0)&#8221; global_colors_info=&#8221;{}&#8221;][\/et_pb_button][\/et_pb_column][\/et_pb_row][\/et_pb_section][et_pb_section fb_built=&#8221;1&#8243; admin_label=&#8221;Sektion&#8221; _builder_version=&#8221;4.21.0&#8243; _module_preset=&#8221;default&#8221; collapsed=&#8221;off&#8221; global_colors_info=&#8221;{}&#8221;][et_pb_row _builder_version=&#8221;4.21.0&#8243; _module_preset=&#8221;default&#8221; positioning=&#8221;none&#8221; position_origin_a=&#8221;center_left&#8221; custom_padding=&#8221;270px||230px||false|false&#8221; global_colors_info=&#8221;{}&#8221;][et_pb_column type=&#8221;4_4&#8243; _builder_version=&#8221;4.21.0&#8243; _module_preset=&#8221;default&#8221; global_colors_info=&#8221;{}&#8221;][dsm_lottie lottie_url=&#8221;https:\/\/www.eversomusic.com\/wp-content\/uploads\/2023\/08\/logoanimation_ohneschutzraum_schwarz.json&#8221; lottie_animation_viewport=&#8221;100%&#8221; _builder_version=&#8221;4.21.0&#8243; _module_preset=&#8221;default&#8221; width=&#8221;507px&#8221; width_tablet=&#8221;250px&#8221; width_phone=&#8221;250px&#8221; width_last_edited=&#8221;on|tablet&#8221; global_colors_info=&#8221;{}&#8221;][\/dsm_lottie][et_pb_text _builder_version=&#8221;4.21.0&#8243; _module_preset=&#8221;default&#8221; global_colors_info=&#8221;{}&#8221;]<\/p>\n<h1>Imprint | everso<\/h1>\n<p>[\/et_pb_text][\/et_pb_column][\/et_pb_row][et_pb_row column_structure=&#8221;1_6,1_6,1_6,1_6,1_6,1_6&#8243; make_equal=&#8221;off&#8221; module_class=&#8221;phone-two-cols&#8221; _builder_version=&#8221;4.21.0&#8243; _module_preset=&#8221;default&#8221; custom_margin=&#8221;0px||146px||false|false&#8221; custom_margin_tablet=&#8221;0px||146px||false|false&#8221; custom_margin_phone=&#8221;||100px||false|false&#8221; custom_margin_last_edited=&#8221;on|tablet&#8221; global_colors_info=&#8221;{}&#8221;][et_pb_column type=&#8221;1_6&#8243; _builder_version=&#8221;4.21.0&#8243; _module_preset=&#8221;default&#8221; global_colors_info=&#8221;{}&#8221;][et_pb_text _builder_version=&#8221;4.23.4&#8243; _module_preset=&#8221;default&#8221; global_colors_info=&#8221;{}&#8221;]<\/p>\n<p>everso GmbH<br \/>c\/o Studio Feuerfest<br \/>Steilshooper Stra\u00dfe 41<br \/>22305 Hamburg<\/p>\n<p>[\/et_pb_text][\/et_pb_column][et_pb_column type=&#8221;1_6&#8243; _builder_version=&#8221;4.21.0&#8243; _module_preset=&#8221;default&#8221; global_colors_info=&#8221;{}&#8221;][et_pb_text module_class=&#8221;link-underline&#8221; _builder_version=&#8221;4.21.0&#8243; _module_preset=&#8221;default&#8221; global_colors_info=&#8221;{}&#8221;]<\/p>\n<p style=\"font-size: 17px; line-height: 20px;\"><a href=\"tel:+4940228690940\">+49 40 228 690 940<\/a><br \/><a href=\"mailto:info@eversomusic.com\">info@eversomusic.com<\/a><\/p>\n<p>[\/et_pb_text][\/et_pb_column][et_pb_column type=&#8221;1_6&#8243; _builder_version=&#8221;4.21.0&#8243; _module_preset=&#8221;default&#8221; global_colors_info=&#8221;{}&#8221;][et_pb_text _builder_version=&#8221;4.21.0&#8243; _module_preset=&#8221;default&#8221; global_colors_info=&#8221;{}&#8221;]<\/p>\n<p>UID number<br \/>acc. \u00a7 27a UStG:<br \/>DE366816001 <\/p>\n<p>[\/et_pb_text][\/et_pb_column][et_pb_column type=&#8221;1_6&#8243; _builder_version=&#8221;4.21.0&#8243; _module_preset=&#8221;default&#8221; global_colors_info=&#8221;{}&#8221;][et_pb_text _builder_version=&#8221;4.21.0&#8243; _module_preset=&#8221;default&#8221; global_colors_info=&#8221;{}&#8221; content__hover_enabled=&#8221;off|desktop&#8221; content__hover=&#8221;<\/p>\n<p>Design &amp; Realization<\/br><a style=%22text-decoration:line-through;%22 href=%22https:\/\/www.northlight.at\/%22 data-et-target-link=%22_blank%22 rel=%22noopener%22>northlight creative<\/a><\/p>\n<p>&#8220;]<\/p>\n<p>Design &amp; Realization<\/br><a href=\"https:\/\/www.northlight.at\/\" target=\"_blank\" rel=\"noopener\">northlight creative<\/a><\/p>\n<p>[\/et_pb_text][\/et_pb_column][et_pb_column type=&#8221;1_6&#8243; _builder_version=&#8221;4.21.0&#8243; _module_preset=&#8221;default&#8221; global_colors_info=&#8221;{}&#8221;][et_pb_text content_last_edited=&#8221;off|desktop&#8221; _builder_version=&#8221;4.21.0&#8243; _module_preset=&#8221;default&#8221; global_colors_info=&#8221;{}&#8221; content__hover_enabled=&#8221;off|desktop&#8221; content__hover=&#8221;<\/p>\n<p>Images &amp; Image Rights<\/br><a style=%22text-decoration:line-through;%22 href=%22https:\/\/www.eversomusic.com\/en\/%22>everso<\/a>, <br \/><a style=%22text-decoration:line-through;%22 href=%22https:\/\/www.northlight.at\/%22 data-et-target-link=%22_blank%22 rel=%22noopener%22>northlight creative<\/a><\/p>\n<p>&#8220;]<\/p>\n<p>Images &amp; Image Rights<\/br><a href=\"https:\/\/www.eversomusic.com\/en\/\">everso<\/a>, <br \/><a href=\"https:\/\/www.northlight.at\/\" target=\"_blank\" rel=\"noopener\">northlight creative<\/a><\/p>\n<p>[\/et_pb_text][\/et_pb_column][et_pb_column type=&#8221;1_6&#8243; _builder_version=&#8221;4.21.0&#8243; _module_preset=&#8221;default&#8221; global_colors_info=&#8221;{}&#8221;][et_pb_text _builder_version=&#8221;4.21.0&#8243; _module_preset=&#8221;default&#8221; global_colors_info=&#8221;{}&#8221; content__hover_enabled=&#8221;off|desktop&#8221; content__hover=&#8221;<\/p>\n<p>Responsible for the content<\/br><a style=%22text-decoration:line-through;%22 href=%22https:\/\/www.eversomusic.com\/en\/%22>everso<\/a><\/p>\n<p>&#8220;]<\/p>\n<p>Responsible for the content<\/br><a href=\"https:\/\/www.eversomusic.com\/en\/\">everso<\/a><\/p>\n<p>[\/et_pb_text][\/et_pb_column][\/et_pb_row][et_pb_row _builder_version=&#8221;4.21.0&#8243; _module_preset=&#8221;default&#8221; custom_padding=&#8221;0px||86px||false|false&#8221; global_colors_info=&#8221;{}&#8221;][et_pb_column type=&#8221;4_4&#8243; _builder_version=&#8221;4.21.0&#8243; _module_preset=&#8221;default&#8221; global_colors_info=&#8221;{}&#8221;][et_pb_divider _builder_version=&#8221;4.21.0&#8243; _module_preset=&#8221;default&#8221; height=&#8221;0px&#8221; global_colors_info=&#8221;{}&#8221;][\/et_pb_divider][\/et_pb_column][\/et_pb_row][et_pb_row column_structure=&#8221;2_5,3_5&#8243; _builder_version=&#8221;4.21.0&#8243; _module_preset=&#8221;default&#8221; custom_margin=&#8221;0px||83px||false|false&#8221; global_colors_info=&#8221;{}&#8221;][et_pb_column type=&#8221;2_5&#8243; _builder_version=&#8221;4.21.0&#8243; _module_preset=&#8221;default&#8221; global_colors_info=&#8221;{}&#8221;][et_pb_text _builder_version=&#8221;4.21.0&#8243; _module_preset=&#8221;default&#8221; global_colors_info=&#8221;{}&#8221;]<\/p>\n<h2>Disclaimer<\/h2>\n<p>[\/et_pb_text][\/et_pb_column][et_pb_column type=&#8221;3_5&#8243; _builder_version=&#8221;4.21.0&#8243; _module_preset=&#8221;default&#8221; global_colors_info=&#8221;{}&#8221;][et_pb_text _builder_version=&#8221;4.21.0&#8243; _module_preset=&#8221;default&#8221; custom_margin=&#8221;0px||16px||false|false&#8221; global_colors_info=&#8221;{}&#8221;]<\/p>\n<h3>Legal notice<\/h3>\n<p>[\/et_pb_text][et_pb_text _builder_version=&#8221;4.21.0&#8243; _module_preset=&#8221;default&#8221; custom_margin=&#8221;0px||44px||false|false&#8221; global_colors_info=&#8221;{}&#8221;]<\/p>\n<p>Despite careful control of the content, we assume no liability for the content of external links. F\u00fcr deren Inhalt sind ausschlie\u00dflich deren Betreiber zust\u00e4ndig.<br \/>\nAlle Angebote sind freibleibend und unverbindlich. Wir behalten uns ausdr\u00fccklich vor, Teile der Seiten oder das gesamte Angebot ohne gesonderte Ank\u00fcndigung zu ver\u00e4ndern, zu erg\u00e4nzen, zu l\u00f6schen oder die Ver\u00f6ffentlichung zeitweise oder endg\u00fcltig einzustellen.<br \/>\nVerantwortlich f\u00fcr den Inhalt (gem. \u00a7 55 Abs. 2 RStV): Markus Gr\u00f6sswang. <\/p>\n<p>[\/et_pb_text][et_pb_text _builder_version=&#8221;4.21.0&#8243; _module_preset=&#8221;default&#8221; custom_margin=&#8221;0px||16px||false|false&#8221; global_colors_info=&#8221;{}&#8221;]<\/p>\n<h3>Copyrights and ancillary copyrights<\/h3>\n<p>[\/et_pb_text][et_pb_text _builder_version=&#8221;4.21.0&#8243; _module_preset=&#8221;default&#8221; global_colors_info=&#8221;{}&#8221;]<\/p>\n<p>The contents published on this website are subject to German copyright and ancillary copyright law. Any (further) use requires the prior written consent of the provider or the respective rights holder.<\/p>\n<p>[\/et_pb_text][\/et_pb_column][\/et_pb_row][et_pb_row _builder_version=&#8221;4.21.0&#8243; _module_preset=&#8221;default&#8221; global_colors_info=&#8221;{}&#8221;][et_pb_column type=&#8221;4_4&#8243; _builder_version=&#8221;4.21.0&#8243; _module_preset=&#8221;default&#8221; global_colors_info=&#8221;{}&#8221;][et_pb_divider _builder_version=&#8221;4.21.0&#8243; _module_preset=&#8221;default&#8221; height=&#8221;0px&#8221; global_colors_info=&#8221;{}&#8221;][\/et_pb_divider][\/et_pb_column][\/et_pb_row][\/et_pb_section]<\/p>\n","protected":false},"excerpt":{"rendered":"<p><div class=\"et_pb_module dsm_lottie dsm_lottie_0\">\n\t\t\t\t\n\t\t\t\t\n\t\t\t\t\n\t\t\t\t\n\t\t\t\t\n\t\t\t\t\n\t\t\t\t<div class=\"et_pb_module_inner\">\n\t\t\t\t\t<div class=\"dsm_lottie_wrapper\" data-percent-viewport=\"\" data-params=[{\"path\":\"https:\\\/\\\/www.eversomusic.com\\\/wp-content\\\/uploads\\\/2023\\\/08\\\/logoanimation_ohneschutzraum_schwarz.json\",\"loop\":true,\"loop_no\":\"\",\"delay\":\"0ms\",\"direction\":\"1\",\"speed\":\"1\",\"hover\":false,\"trigger\":\"on_hover\",\"scroll\":\"on_hover\",\"mouseout\":\"no_action\",\"viewport\":\"100%\"}]>\n\t\t\t<\/div>\n\t\t\t\t<\/div>\n\t\t\t<\/div>Imprint | eversoeverso GmbHc\/o Studio FeuerfestSteilshooper Stra\u00dfe 4122305 Hamburg+49 40 228 690 940info@eversomusic.comUID numberacc. \u00a7 27a UStG:DE366816001 Design &amp; Realizationnorthlight creativeImages &amp; Image Rightseverso, northlight creativeResponsible for the contenteversoDisclaimerLegal noticeDespite careful control of the content, we assume no liability for the content of external links. F\u00fcr [&hellip;]<\/p>\n","protected":false},"author":1,"featured_media":0,"parent":0,"menu_order":0,"comment_status":"closed","ping_status":"closed","template":"","meta":{"_et_pb_use_builder":"on","_et_pb_old_content":"","_et_gb_content_width":"","footnotes":""},"class_list":["post-7970","page","type-page","status-publish","hentry"],"yoast_head":"<!-- This site is optimized with the Yoast SEO plugin v27.4 - https:\/\/yoast.com\/product\/yoast-seo-wordpress\/ -->\n<title>Imprint - everso | Live music experience<\/title>\n<meta name=\"description\" content=\"everso \u2022 Markus Gr\u00f6sswang \u2022 c\/o Betahaus \u2022 Eifflerstra\u00dfe 43 \u2022 22769 Hamburg \u2022 +49 40 228 690 940 \u2022 info@eversomusic.de\" \/>\n<meta name=\"robots\" content=\"index, follow, max-snippet:-1, max-image-preview:large, max-video-preview:-1\" \/>\n<link rel=\"canonical\" href=\"https:\/\/www.eversomusic.com\/en\/imprint\/\" \/>\n<meta property=\"og:locale\" content=\"en_US\" \/>\n<meta property=\"og:type\" content=\"article\" \/>\n<meta property=\"og:title\" content=\"Imprint - everso | Live music experience\" \/>\n<meta property=\"og:description\" content=\"everso \u2022 Markus Gr\u00f6sswang \u2022 c\/o Betahaus \u2022 Eifflerstra\u00dfe 43 \u2022 22769 Hamburg \u2022 +49 40 228 690 940 \u2022 info@eversomusic.de\" \/>\n<meta property=\"og:url\" content=\"https:\/\/www.eversomusic.com\/en\/imprint\/\" \/>\n<meta property=\"og:site_name\" content=\"everso | Live music experience\" \/>\n<meta property=\"article:modified_time\" content=\"2025-05-05T05:36:52+00:00\" \/>\n<meta name=\"twitter:card\" content=\"summary_large_image\" \/>\n<meta name=\"twitter:label1\" content=\"Est. reading time\" \/>\n\t<meta name=\"twitter:data1\" content=\"4 minutes\" \/>\n<script type=\"application\/ld+json\" class=\"yoast-schema-graph\">{\"@context\":\"https:\\\/\\\/schema.org\",\"@graph\":[{\"@type\":\"WebPage\",\"@id\":\"https:\\\/\\\/www.eversomusic.com\\\/en\\\/imprint\\\/\",\"url\":\"https:\\\/\\\/www.eversomusic.com\\\/en\\\/imprint\\\/\",\"name\":\"Imprint - everso | Live music experience\",\"isPartOf\":{\"@id\":\"https:\\\/\\\/www.eversomusic.com\\\/#website\"},\"datePublished\":\"2023-08-08T14:51:26+00:00\",\"dateModified\":\"2025-05-05T05:36:52+00:00\",\"description\":\"everso \u2022 Markus Gr\u00f6sswang \u2022 c\\\/o Betahaus \u2022 Eifflerstra\u00dfe 43 \u2022 22769 Hamburg \u2022 +49 40 228 690 940 \u2022 info@eversomusic.de\",\"breadcrumb\":{\"@id\":\"https:\\\/\\\/www.eversomusic.com\\\/en\\\/imprint\\\/#breadcrumb\"},\"inLanguage\":\"en-US\",\"potentialAction\":[{\"@type\":\"ReadAction\",\"target\":[\"https:\\\/\\\/www.eversomusic.com\\\/en\\\/imprint\\\/\"]}]},{\"@type\":\"BreadcrumbList\",\"@id\":\"https:\\\/\\\/www.eversomusic.com\\\/en\\\/imprint\\\/#breadcrumb\",\"itemListElement\":[{\"@type\":\"ListItem\",\"position\":1,\"name\":\"Startseite\",\"item\":\"https:\\\/\\\/www.eversomusic.com\\\/en\\\/home\\\/\"},{\"@type\":\"ListItem\",\"position\":2,\"name\":\"Imprint\"}]},{\"@type\":\"WebSite\",\"@id\":\"https:\\\/\\\/www.eversomusic.com\\\/#website\",\"url\":\"https:\\\/\\\/www.eversomusic.com\\\/\",\"name\":\"everso | Live music experience\",\"description\":\"\",\"potentialAction\":[{\"@type\":\"SearchAction\",\"target\":{\"@type\":\"EntryPoint\",\"urlTemplate\":\"https:\\\/\\\/www.eversomusic.com\\\/?s={search_term_string}\"},\"query-input\":{\"@type\":\"PropertyValueSpecification\",\"valueRequired\":true,\"valueName\":\"search_term_string\"}}],\"inLanguage\":\"en-US\"}]}<\/script>\n<!-- \/ Yoast SEO plugin. -->","yoast_head_json":{"title":"Imprint - everso | Live music experience","description":"everso \u2022 Markus Gr\u00f6sswang \u2022 c\/o Betahaus \u2022 Eifflerstra\u00dfe 43 \u2022 22769 Hamburg \u2022 +49 40 228 690 940 \u2022 info@eversomusic.de","robots":{"index":"index","follow":"follow","max-snippet":"max-snippet:-1","max-image-preview":"max-image-preview:large","max-video-preview":"max-video-preview:-1"},"canonical":"https:\/\/www.eversomusic.com\/en\/imprint\/","og_locale":"en_US","og_type":"article","og_title":"Imprint - everso | Live music experience","og_description":"everso \u2022 Markus Gr\u00f6sswang \u2022 c\/o Betahaus \u2022 Eifflerstra\u00dfe 43 \u2022 22769 Hamburg \u2022 +49 40 228 690 940 \u2022 info@eversomusic.de","og_url":"https:\/\/www.eversomusic.com\/en\/imprint\/","og_site_name":"everso | Live music experience","article_modified_time":"2025-05-05T05:36:52+00:00","twitter_card":"summary_large_image","twitter_misc":{"Est. reading time":"4 minutes"},"schema":{"@context":"https:\/\/schema.org","@graph":[{"@type":"WebPage","@id":"https:\/\/www.eversomusic.com\/en\/imprint\/","url":"https:\/\/www.eversomusic.com\/en\/imprint\/","name":"Imprint - everso | Live music experience","isPartOf":{"@id":"https:\/\/www.eversomusic.com\/#website"},"datePublished":"2023-08-08T14:51:26+00:00","dateModified":"2025-05-05T05:36:52+00:00","description":"everso \u2022 Markus Gr\u00f6sswang \u2022 c\/o Betahaus \u2022 Eifflerstra\u00dfe 43 \u2022 22769 Hamburg \u2022 +49 40 228 690 940 \u2022 info@eversomusic.de","breadcrumb":{"@id":"https:\/\/www.eversomusic.com\/en\/imprint\/#breadcrumb"},"inLanguage":"en-US","potentialAction":[{"@type":"ReadAction","target":["https:\/\/www.eversomusic.com\/en\/imprint\/"]}]},{"@type":"BreadcrumbList","@id":"https:\/\/www.eversomusic.com\/en\/imprint\/#breadcrumb","itemListElement":[{"@type":"ListItem","position":1,"name":"Startseite","item":"https:\/\/www.eversomusic.com\/en\/home\/"},{"@type":"ListItem","position":2,"name":"Imprint"}]},{"@type":"WebSite","@id":"https:\/\/www.eversomusic.com\/#website","url":"https:\/\/www.eversomusic.com\/","name":"everso | Live music experience","description":"","potentialAction":[{"@type":"SearchAction","target":{"@type":"EntryPoint","urlTemplate":"https:\/\/www.eversomusic.com\/?s={search_term_string}"},"query-input":{"@type":"PropertyValueSpecification","valueRequired":true,"valueName":"search_term_string"}}],"inLanguage":"en-US"}]}},"_links":{"self":[{"href":"https:\/\/www.eversomusic.com\/en\/wp-json\/wp\/v2\/pages\/7970","targetHints":{"allow":["GET"]}}],"collection":[{"href":"https:\/\/www.eversomusic.com\/en\/wp-json\/wp\/v2\/pages"}],"about":[{"href":"https:\/\/www.eversomusic.com\/en\/wp-json\/wp\/v2\/types\/page"}],"author":[{"embeddable":true,"href":"https:\/\/www.eversomusic.com\/en\/wp-json\/wp\/v2\/users\/1"}],"replies":[{"embeddable":true,"href":"https:\/\/www.eversomusic.com\/en\/wp-json\/wp\/v2\/comments?post=7970"}],"version-history":[{"count":16,"href":"https:\/\/www.eversomusic.com\/en\/wp-json\/wp\/v2\/pages\/7970\/revisions"}],"predecessor-version":[{"id":9779,"href":"https:\/\/www.eversomusic.com\/en\/wp-json\/wp\/v2\/pages\/7970\/revisions\/9779"}],"wp:attachment":[{"href":"https:\/\/www.eversomusic.com\/en\/wp-json\/wp\/v2\/media?parent=7970"}],"curies":[{"name":"wp","href":"https:\/\/api.w.org\/{rel}","templated":true}]}}